{"id":104,"date":"2019-07-20T00:55:33","date_gmt":"2019-07-19T22:55:33","guid":{"rendered":"http:\/\/www.merceriajuanita.es\/?page_id=104"},"modified":"2024-07-04T11:33:59","modified_gmt":"2024-07-04T09:33:59","slug":"els-nostres-serveis","status":"publish","type":"page","link":"https:\/\/www.merceriajuanita.es\/ca\/els-nostres-serveis\/","title":{"rendered":"Els nostres serveis"},"content":{"rendered":"<p>[vc_row top_and_bottom_padding=&#8221;0px&#8221; left_and_right_padding=&#8221;&#8221; bg_type=&#8221;&#8221; id=&#8221;&#8221; class=&#8221;&#8221; style=&#8221;&#8221;][vc_column delay=&#8221;&#8221; delay_offset=&#8221;&#8221; bg_type=&#8221;&#8221; min_height=&#8221;&#8221; top_and_bottom_padding=&#8221;&#8221; left_and_right_padding=&#8221;&#8221;][vc_column_text]<\/p>\n<h1 class=\"tamanyTitolSeccioProdServ\">Els nostres serveis<\/h1>\n<p>[\/vc_column_text][\/vc_column][\/vc_row][vc_row top_and_bottom_padding=&#8221;0px&#8221; left_and_right_padding=&#8221;&#8221; bg_type=&#8221;&#8221; id=&#8221;&#8221; class=&#8221;&#8221; style=&#8221;&#8221;][vc_column delay=&#8221;&#8221; delay_offset=&#8221;&#8221; bg_type=&#8221;&#8221; min_height=&#8221;&#8221; top_and_bottom_padding=&#8221;&#8221; left_and_right_padding=&#8221;&#8221;][vc_column_text]<img decoding=\"async\" class=\"ampladaImg aligncenter\" src=\"\/wp-content\/uploads\/2019\/08\/01-01-arreglos-cat-1.jpg\" alt=\"Arranjament de tot tipus de peces de roba\" \/><\/p>\n<div class=\"ok-row\">\n<div class=\"ok-xsd-12 ok-md-8\">\n<p class=\"fontSizeEstilParag\">Oferim servei d\u2019arranjament de tot tipus de peces amb modista pr\u00f2pia: agafat de vores, canvi de cremalleres, sargit de peces, traus, adaptaci\u00f3 de vestits de festa i de n\u00favia.<\/p>\n<\/div>\n<\/div>\n<p>&nbsp;<\/p>\n<div class=\"ok-row\">\n<div class=\"ok-xsd-12 ok-md-4\"><img decoding=\"async\" class=\"ampladaImg\" src=\"\/wp-content\/uploads\/2019\/08\/logo600.png\" alt=\"Confecci\u00f3 de cortines\" \/><\/div>\n<div class=\"ok-xsd-12 ok-md-8\">\n<p class=\"fontSizeEstilParag\">Tenim servei de confecci\u00f3 de cortines ja sigui amb teixits adquirits al nostre comer\u00e7 o fora d\u2019ell. Pressupostos sense comprom\u00eds.<\/p>\n<\/div>\n<\/div>\n<p>&nbsp;<\/p>\n<div class=\"ok-row\">\n<div class=\"ok-xsd-12 ok-md-4\"><img decoding=\"async\" class=\"ampladaImg\" src=\"\/wp-content\/uploads\/2019\/08\/03-01-bordados-1.jpg\" alt=\"Brodat de peces de roba\" \/><\/div>\n<div class=\"ok-xsd-12 ok-md-8\">\n<p class=\"fontSizeEstilParag\">Per personalitzar i marcar bates i bosses escolars, bosses, barnussos.<\/p>\n<\/div>\n<\/div>\n<p>&nbsp;<\/p>\n<div class=\"ok-row\">\n<div class=\"ok-xsd-12 ok-md-4\"><img decoding=\"async\" class=\"ampladaImg\" src=\"\/wp-content\/uploads\/2019\/08\/04-01-forrado-de-botones-1.jpg\" alt=\"Folrat de botons\" \/><\/div>\n<div class=\"ok-xsd-12 ok-md-8\">\n<p class=\"fontSizeEstilParag\">Tenim servei propi de folrat de botons en diferents mides, i col\u00b7locaci\u00f3 de claud\u00e0tors i tancaments.<\/p>\n<\/div>\n<\/div>\n<p>&nbsp;<\/p>\n<div class=\"ok-row\">\n<div class=\"ok-xsd-12 ok-md-4\"><img decoding=\"async\" class=\"ampladaImg\" src=\"\/wp-content\/uploads\/2019\/08\/CONFECCION-ETIQUETAS-1.jpg\" alt=\"Confecci\u00f3 de noms per a marcar les peces de roba\" \/><\/div>\n<div class=\"ok-xsd-12 ok-md-8\">\n<p class=\"fontSizeEstilParag\">Oferim servei de confecci\u00f3 d\u2019etiquetes personalitzades, tant adhesives com per a cosir, ideals per al marcatge de les peces de roba.<\/p>\n<\/div>\n<\/div>\n<p>&nbsp;<\/p>\n<div class=\"ok-row\">\n<div class=\"ok-xsd-12 ok-md-4\"><img decoding=\"async\" class=\"ampladaImg\" src=\"\/wp-content\/uploads\/2019\/09\/BugaderiaIplanxa_Servei_CAT.jpg\" alt=\"Servei de bugaderia i planxa\" \/><\/div>\n<div class=\"ok-xsd-12 ok-md-8\">\n<p class=\"fontSizeEstilParag\">Oferim servei extern de bugaderia i planxa, sent el nostre establiment punt de lliurament i recollida, per a tot tipus de peces i roba de la llar.<\/p>\n<\/div>\n<\/div>\n<p>&nbsp;<\/p>\n<div class=\"ok-row\">\n<div class=\"ok-xsd-12 ok-md-4\"><img decoding=\"async\" class=\"ampladaImg\" src=\"\/wp-content\/uploads\/2019\/08\/ARREGLOS-DE-PRENDAS-DE-PIEL-1.jpg\" alt=\"Arranjament de peces de pell\" \/><\/div>\n<div class=\"ok-xsd-12 ok-md-8\">\n<p class=\"fontSizeEstilParag\">Oferim servei extern d\u2019arranjaments de peces de pell, sent el nostre establiment punt de lliurament i recollida.<\/p>\n<\/div>\n<\/div>\n<p>&nbsp;<\/p>\n<div class=\"ok-row\">\n<div class=\"ok-xsd-12 ok-md-4\"><img decoding=\"async\" class=\"ampladaImg\" src=\"\/wp-content\/uploads\/2019\/08\/PATRONES-A-MEDIDA-1.png\" alt=\"Patrons personalitzats\" \/><\/div>\n<div class=\"ok-xsd-12 ok-md-8\">\n<p class=\"fontSizeEstilParag\">Oferim un servei de confecci\u00f3 de patrons b\u00e0sics personalitzats en base a les mesures facilitades per les nostres clientes.<\/p>\n<\/div>\n<\/div>\n<p>[\/vc_column_text][\/vc_column][\/vc_row]<\/p>\n","protected":false},"excerpt":{"rendered":"<p>[vc_row top_and_bottom_padding=&#8221;0px&#8221; left_and_right_padding=&#8221;&#8221; bg_type=&#8221;&#8221; id=&#8221;&#8221; class=&#8221;&#8221; style=&#8221;&#8221;][vc_column delay=&#8221;&#8221; delay_offset=&#8221;&#8221; bg_type=&#8221;&#8221; min_height=&#8221;&#8221; top_and_bottom_padding=&#8221;&#8221; left_and_right_padding=&#8221;&#8221;][vc_column_text] Els nostres serveis [\/vc_column_text][\/vc_column][\/vc_row][vc_row top_and_bottom_padding=&#8221;0px&#8221; left_and_right_padding=&#8221;&#8221; bg_type=&#8221;&#8221; id=&#8221;&#8221; class=&#8221;&#8221; style=&#8221;&#8221;][vc_column delay=&#8221;&#8221; delay_offset=&#8221;&#8221; bg_type=&#8221;&#8221; min_height=&#8221;&#8221; top_and_bottom_padding=&#8221;&#8221; left_and_right_padding=&#8221;&#8221;][vc_column_text] Oferim servei d\u2019arranjament de tot tipus de peces amb modista pr\u00f2pia: agafat de vores, canvi de cremalleres, sargit de peces, traus, adaptaci\u00f3 de vestits de festa [&hellip;]<\/p>\n","protected":false},"author":2,"featured_media":0,"parent":0,"menu_order":0,"comment_status":"closed","ping_status":"closed","template":"template-no-sidebar.php","meta":{"footnotes":""},"_links":{"self":[{"href":"https:\/\/www.merceriajuanita.es\/ca\/wp-json\/wp\/v2\/pages\/104"}],"collection":[{"href":"https:\/\/www.merceriajuanita.es\/ca\/wp-json\/wp\/v2\/pages"}],"about":[{"href":"https:\/\/www.merceriajuanita.es\/ca\/wp-json\/wp\/v2\/types\/page"}],"author":[{"embeddable":true,"href":"https:\/\/www.merceriajuanita.es\/ca\/wp-json\/wp\/v2\/users\/2"}],"replies":[{"embeddable":true,"href":"https:\/\/www.merceriajuanita.es\/ca\/wp-json\/wp\/v2\/comments?post=104"}],"version-history":[{"count":14,"href":"https:\/\/www.merceriajuanita.es\/ca\/wp-json\/wp\/v2\/pages\/104\/revisions"}],"predecessor-version":[{"id":1245,"href":"https:\/\/www.merceriajuanita.es\/ca\/wp-json\/wp\/v2\/pages\/104\/revisions\/1245"}],"wp:attachment":[{"href":"https:\/\/www.merceriajuanita.es\/ca\/wp-json\/wp\/v2\/media?parent=104"}],"curies":[{"name":"wp","href":"https:\/\/api.w.org\/{rel}","templated":true}]}}