{"id":161,"date":"2019-07-20T20:37:40","date_gmt":"2019-07-20T18:37:40","guid":{"rendered":"http:\/\/www.merceriajuanita.es\/?page_id=161"},"modified":"2021-04-24T21:17:15","modified_gmt":"2021-04-24T19:17:15","slug":"merceria","status":"publish","type":"page","link":"https:\/\/www.merceriajuanita.es\/ca\/els-nostres-productes\/merceria\/","title":{"rendered":"Merceria"},"content":{"rendered":"<p>[vc_row top_and_bottom_padding=&#8221;0&#8243; left_and_right_padding=&#8221;&#8221; bg_type=&#8221;&#8221; id=&#8221;&#8221; class=&#8221;&#8221; style=&#8221;&#8221;][vc_column delay=&#8221;&#8221; delay_offset=&#8221;&#8221; bg_type=&#8221;&#8221; min_height=&#8221;&#8221; top_and_bottom_padding=&#8221;&#8221; left_and_right_padding=&#8221;&#8221; width=&#8221;1\/1&#8243;][container id=&#8221;&#8221; class=&#8221;&#8221; style=&#8221;&#8221;][column delay=&#8221;&#8221; delay_offset=&#8221;&#8221; sd=&#8221;12&#8243; id=&#8221;&#8221; class=&#8221;&#8221; style=&#8221;&#8221;][clear by=&#8221;50px&#8221; id=&#8221;&#8221; class=&#8221;&#8221;][text]\n<h1 class=\"tamanyTitolSeccioProdServ\">Merceria<\/h1>\n[\/text][\/column][\/container][\/vc_column][\/vc_row][vc_row top_and_bottom_padding=&#8221;&#8221; left_and_right_padding=&#8221;&#8221; bg_type=&#8221;&#8221;][vc_column delay=&#8221;&#8221; delay_offset=&#8221;&#8221; bg_type=&#8221;&#8221; min_height=&#8221;&#8221; top_and_bottom_padding=&#8221;&#8221; left_and_right_padding=&#8221;&#8221; width=&#8221;1\/1&#8243;][accordion model=&#8221;default&#8221; type=&#8221;&#8221; id=&#8221;&#8221; class=&#8221;&#8221; style=&#8221;&#8221;][accordion_item parent_id=&#8221;&#8221; title=&#8221;Accessoris i complements per a labors&#8221; id=&#8221;&#8221; class=&#8221;&#8221; style=&#8221;&#8221;]<\/p>\n<div class=\"ok-row\">\n<div class=\"ok-xsd-12 ok-md-4\"><img decoding=\"async\" class=\"ampladaImg\" src=\"\/wp-content\/uploads\/2019\/09\/Accessoris_i_complements_per_a_labors_Merceria.jpg\" alt=\"Accessoris i complements per a labors\" \/><\/div>\n<div class=\"ok-xsd-12 ok-md-8\">\n<p class=\"fontSizeEstilParag\">Cintes m\u00e8triques, didals, descosidors, enfiladors, marcadors, tisores, regles, ruletes, canilles, recanvis, maletins i bosses de labors, bastidors per brodar, plantilles i oli per a m\u00e0quines de cosir.<\/p>\n<\/div>\n<\/div>\n<p>[\/accordion_item][accordion_item parent_id=&#8221;&#8221; title=&#8221;Agulles i ganxets&#8221; id=&#8221;&#8221; class=&#8221;&#8221; style=&#8221;&#8221;]<\/p>\n<div class=\"ok-row\">\n<div class=\"ok-xsd-12 ok-md-4\"><img decoding=\"async\" class=\"ampladaImg\" src=\"\/wp-content\/uploads\/2019\/09\/Agulles_i_ganxets.jpg\" alt=\"Agulles i ganxet\" \/><\/div>\n<div class=\"ok-xsd-12 ok-md-8\">\n<p class=\"fontSizeEstilParag\">Agulles de cosir, Agulles de m\u00e0quina, Agulles de cap, Imperdibles, Ganxets i agulles tricotar.<\/p>\n<\/div>\n<\/div>\n<p>[\/accordion_item][accordion_item parent_id=&#8221;&#8221; title=&#8221;Aplicacions adhesives i per cosir&#8221; id=&#8221;&#8221; class=&#8221;&#8221; style=&#8221;&#8221;]<\/p>\n<div class=\"ok-row\">\n<div class=\"ok-xsd-12 ok-md-4\"><img decoding=\"async\" class=\"ampladaImg\" src=\"\/wp-content\/uploads\/2019\/09\/Aplicacions_adhesives_i_per_cosir_Merceria.jpg\" alt=\"Aplicacions adhesives i per cosir\" \/><\/div>\n<div class=\"ok-xsd-12 ok-md-8\">\n<p class=\"fontSizeEstilParag\">Pegats de reparaci\u00f3, infantils, pedreria, guipur, n\u00fameros, lletres brodades, esportives, disseny i elaboraci\u00f3 dels seus models personalitzats.<\/p>\n<\/div>\n<\/div>\n<p>[\/accordion_item][accordion_item parent_id=&#8221;&#8221; title=&#8221;Botons&#8221; id=&#8221;&#8221; class=&#8221;&#8221; style=&#8221;&#8221;]<\/p>\n<div class=\"ok-row\">\n<div class=\"ok-xsd-12 ok-md-4\"><img decoding=\"async\" class=\"ampladaImg\" src=\"\/wp-content\/uploads\/2019\/09\/Botons_Merceria.jpg\" alt=\"Botons\" \/><\/div>\n<div class=\"ok-xsd-12 ok-md-8\">\n<p class=\"fontSizeEstilParag\">Cl\u00e0sics, fantasia, fusta, infantils, patchwork.<\/p>\n<\/div>\n<\/div>\n<p>[\/accordion_item][accordion_item parent_id=&#8221;&#8221; title=&#8221;Biaixos de ras i cot\u00f3&#8221; id=&#8221;&#8221; class=&#8221;&#8221; style=&#8221;&#8221;]<\/p>\n<div class=\"ok-row\">\n<div class=\"ok-xsd-12 ok-md-4\"><img decoding=\"async\" class=\"ampladaImg\" src=\"\/wp-content\/uploads\/2019\/09\/Baixos_de_ras_i_coot_Merceria.jpg\" alt=\"Biaixos de ras i cot\u00f3\" \/><\/div>\n<div class=\"ok-xsd-12 ok-md-8\">\n<p class=\"fontSizeEstilParag\">Llisos i estampats, infantils, vichy, fantas\u00eda.<\/p>\n<\/div>\n<\/div>\n<p>[\/accordion_item][accordion_item parent_id=&#8221;&#8221; title=&#8221;Fermalls i sivelles&#8221; id=&#8221;&#8221; class=&#8221;&#8221; style=&#8221;&#8221;]<\/p>\n<div class=\"ok-row\">\n<div class=\"ok-xsd-12 ok-md-4\"><img decoding=\"async\" class=\"ampladaImg\" src=\"\/wp-content\/uploads\/2021\/04\/Broches-y-Hebillas.jpg\" alt=\"Fermalls i sivelles\" \/><\/div>\n<div class=\"ok-xsd-12 ok-md-8\">\n<p class=\"fontSizeEstilParag\">\u00c0mplia gamma de sivelles i fermalls en metall, pl\u00e0stic i pedreria.<\/p>\n<\/div>\n<\/div>\n<p>[\/accordion_item][accordion_item parent_id=&#8221;&#8221; title=&#8221;Cintes i betes&#8221; id=&#8221;&#8221; class=&#8221;&#8221; style=&#8221;&#8221;]<\/p>\n<div class=\"ok-row\">\n<div class=\"ok-xsd-12 ok-md-4\"><img decoding=\"async\" class=\"ampladaImg\" src=\"\/wp-content\/uploads\/2019\/09\/Cintes_i_betes_Merceria.jpg\" alt=\"Cintes i betes\" \/><\/div>\n<div class=\"ok-xsd-12 ok-md-8\">\n<p class=\"fontSizeEstilParag\">De ras, cot\u00f3 i organd\u00ed, llises i estampades, infantils, vichy i fantasia.<\/p>\n<\/div>\n<\/div>\n<p>[\/accordion_item][accordion_item parent_id=&#8221;&#8221; title=&#8221;Cordons&#8221; id=&#8221;&#8221; class=&#8221;&#8221; style=&#8221;&#8221;]<\/p>\n<div class=\"ok-row\">\n<div class=\"ok-xsd-12 ok-md-4\"><img decoding=\"async\" class=\"ampladaImg\" src=\"\/wp-content\/uploads\/2019\/09\/Cordons_Merceria.jpg\" alt=\"Cordons\" \/><\/div>\n<div class=\"ok-xsd-12 ok-md-8\">\n<p class=\"fontSizeEstilParag\">De cot\u00f3, seda i lurex.Disposem de cordons per sabates i sabatilles.<\/p>\n<\/div>\n<\/div>\n<p>[\/accordion_item][accordion_item parent_id=&#8221;&#8221; title=&#8221;Cortines&#8221; id=&#8221;&#8221; class=&#8221;&#8221; style=&#8221;&#8221;]<\/p>\n<div class=\"ok-row\">\n<div class=\"ok-xsd-12 ok-md-4\"><img decoding=\"async\" class=\"ampladaImg\" src=\"\/wp-content\/uploads\/2021\/04\/cortinas-.jpg\" alt=\"Cordons\" \/><\/div>\n<div class=\"ok-xsd-12 ok-md-8\">\n<p class=\"fontSizeEstilParag\">\n<\/div>\n<\/div>\n<p>[\/accordion_item][accordion_item parent_id=&#8221;&#8221; title=&#8221;Cremalleres&#8221; id=&#8221;&#8221; class=&#8221;&#8221; style=&#8221;&#8221;]<\/p>\n<div class=\"ok-row\">\n<div class=\"ok-xsd-12 ok-md-4\"><img decoding=\"async\" class=\"ampladaImg\" src=\"\/wp-content\/uploads\/2019\/09\/Cremalleres_Merceria.jpg\" alt=\"Cremalleres\" \/><\/div>\n<div class=\"ok-xsd-12 ok-md-8\">\n<p class=\"fontSizeEstilParag\">Cremalleres de nil\u00f3, met\u00e0l\u00b7liques amb i sense separador, d\u2019espiral, invisibles. Totes les mides i colors. Si alguna no disposem al momente, a la mateixa setmana, si existeis, la portem.<\/p>\n<\/div>\n<\/div>\n<p>[\/accordion_item][accordion_item parent_id=&#8221;&#8221; title=&#8221;Serrells i borlons&#8221; id=&#8221;&#8221; class=&#8221;&#8221; style=&#8221;&#8221;]<\/p>\n<div class=\"ok-row\">\n<div class=\"ok-xsd-12 ok-md-4\"><img decoding=\"async\" class=\"ampladaImg\" src=\"\/wp-content\/uploads\/2019\/09\/Serrells_Merceria.jpg\" alt=\"Serrells i borlons\" \/><\/div>\n<div class=\"ok-xsd-12 ok-md-8\">\n<p class=\"fontSizeEstilParag\">De seda, plomes i fantasia.<\/p>\n<\/div>\n<\/div>\n<p>[\/accordion_item][accordion_item parent_id=&#8221;&#8221; title=&#8221;Gomes&#8221; id=&#8221;&#8221; class=&#8221;&#8221; style=&#8221;&#8221;]<\/p>\n<div class=\"ok-row\">\n<div class=\"ok-xsd-12 ok-md-4\"><img decoding=\"async\" class=\"ampladaImg\" src=\"\/wp-content\/uploads\/2019\/09\/Gomes_Merceria.jpg\" alt=\"Gomes\" \/><\/div>\n<div class=\"ok-xsd-12 ok-md-8\">\n<p class=\"fontSizeEstilParag\">Cl\u00e0ssiques en diferents amples y colors, per a lliga i per a tirants sostenidor en colors variats i fantasia.<\/p>\n<\/div>\n<\/div>\n<p>[\/accordion_item][accordion_item parent_id=&#8221;&#8221; title=&#8221;Fils&#8221; id=&#8221;&#8221; class=&#8221;&#8221; style=&#8221;&#8221;]<\/p>\n<div class=\"ok-row\">\n<div class=\"ok-xsd-12 ok-md-4\"><img decoding=\"async\" class=\"ampladaImg\" src=\"\/wp-content\/uploads\/2019\/09\/Fils_Merceria.jpg\" alt=\"Fils\" \/><\/div>\n<div class=\"ok-xsd-12 ok-md-8\">\n<p class=\"fontSizeEstilParag\">Fils per a cosir de poli\u00e8ster, tor\u00e7al i cot\u00f3, per a embastar, moulin\u00e9 per punt de creu i mig punt, perl\u00e9 per a ganxet i brodats.<\/p>\n<\/div>\n<\/div>\n<p>[\/accordion_item][accordion_item parent_id=&#8221;&#8221; title=&#8221;Passamaneries&#8221; id=&#8221;&#8221; class=&#8221;&#8221; style=&#8221;&#8221;]<\/p>\n<div class=\"ok-row\">\n<div class=\"ok-xsd-12 ok-md-4\"><img decoding=\"async\" class=\"ampladaImg\" src=\"\/wp-content\/uploads\/2019\/09\/Pasamaneries_Merceria.jpg\" alt=\"Passamaneries\" \/><\/div>\n<div class=\"ok-xsd-12 ok-md-8\">\n<p class=\"fontSizeEstilParag\">Passamaneries d\u2019amples i colors variats.<\/p>\n<\/div>\n<\/div>\n<p>[\/accordion_item][accordion_item parent_id=&#8221;&#8221; title=&#8221;Puntes i tuls brodats&#8221; id=&#8221;&#8221; class=&#8221;&#8221; style=&#8221;&#8221;]<\/p>\n<div class=\"ok-row\">\n<div class=\"ok-xsd-12 ok-md-4\"><img decoding=\"async\" class=\"ampladaImg\" src=\"\/wp-content\/uploads\/2019\/09\/Puntes_i_tuls_bordats_Merceria.jpg\" alt=\"Puntes i tuls brodats\" \/><\/div>\n<div class=\"ok-xsd-12 ok-md-8\">\n<p class=\"fontSizeEstilParag\">Puntes de nil\u00f3, de fil de cot\u00f3, guipur i lurex, puntes brodades en tira de cot\u00f3, puntes el\u00e0stiques, tuls brodats en colors i amples variats.<\/p>\n<\/div>\n<\/div>\n<p>[\/accordion_item][accordion_item parent_id=&#8221;&#8221; title=&#8221;Recanvis i accesoris llenceria&#8221; id=&#8221;&#8221; class=&#8221;&#8221; style=&#8221;&#8221;]<\/p>\n<div class=\"ok-row\">\n<div class=\"ok-xsd-12 ok-md-4\"><img decoding=\"async\" class=\"ampladaImg\" src=\"\/wp-content\/uploads\/2019\/09\/Recanvis_i_accessoriss_llenceria_Merceria.jpg\" alt=\"Recanvis i accesoris llenceria\" \/><\/div>\n<div class=\"ok-xsd-12 ok-md-8\">\n<p class=\"fontSizeEstilParag\">Allargadors, c\u00e8rcols, tanques i tirants per a sostenidors, c\u00fapules rodones i triangulars, sostenidors autoadhesius i tapamugrons per a protecci\u00f3.<\/p>\n<\/div>\n<\/div>\n<p>[\/accordion_item][\/accordion][\/vc_column][\/vc_row]<\/p>\n","protected":false},"excerpt":{"rendered":"<p>[vc_row top_and_bottom_padding=&#8221;0&#8243; left_and_right_padding=&#8221;&#8221; bg_type=&#8221;&#8221; id=&#8221;&#8221; class=&#8221;&#8221; style=&#8221;&#8221;][vc_column delay=&#8221;&#8221; delay_offset=&#8221;&#8221; bg_type=&#8221;&#8221; min_height=&#8221;&#8221; top_and_bottom_padding=&#8221;&#8221; left_and_right_padding=&#8221;&#8221; width=&#8221;1\/1&#8243;][container id=&#8221;&#8221; class=&#8221;&#8221; style=&#8221;&#8221;][column delay=&#8221;&#8221; delay_offset=&#8221;&#8221; sd=&#8221;12&#8243; id=&#8221;&#8221; class=&#8221;&#8221; style=&#8221;&#8221;][clear by=&#8221;50px&#8221; id=&#8221;&#8221; class=&#8221;&#8221;][text] Merceria [\/text][\/column][\/container][\/vc_column][\/vc_row][vc_row top_and_bottom_padding=&#8221;&#8221; left_and_right_padding=&#8221;&#8221; bg_type=&#8221;&#8221;][vc_column delay=&#8221;&#8221; delay_offset=&#8221;&#8221; bg_type=&#8221;&#8221; min_height=&#8221;&#8221; top_and_bottom_padding=&#8221;&#8221; left_and_right_padding=&#8221;&#8221; width=&#8221;1\/1&#8243;][accordion model=&#8221;default&#8221; type=&#8221;&#8221; id=&#8221;&#8221; class=&#8221;&#8221; style=&#8221;&#8221;][accordion_item parent_id=&#8221;&#8221; title=&#8221;Accessoris i complements per a labors&#8221; id=&#8221;&#8221; class=&#8221;&#8221; style=&#8221;&#8221;] Cintes m\u00e8triques, [&hellip;]<\/p>\n","protected":false},"author":2,"featured_media":0,"parent":89,"menu_order":0,"comment_status":"closed","ping_status":"closed","template":"template-no-sidebar.php","meta":{"footnotes":""},"_links":{"self":[{"href":"https:\/\/www.merceriajuanita.es\/ca\/wp-json\/wp\/v2\/pages\/161"}],"collection":[{"href":"https:\/\/www.merceriajuanita.es\/ca\/wp-json\/wp\/v2\/pages"}],"about":[{"href":"https:\/\/www.merceriajuanita.es\/ca\/wp-json\/wp\/v2\/types\/page"}],"author":[{"embeddable":true,"href":"https:\/\/www.merceriajuanita.es\/ca\/wp-json\/wp\/v2\/users\/2"}],"replies":[{"embeddable":true,"href":"https:\/\/www.merceriajuanita.es\/ca\/wp-json\/wp\/v2\/comments?post=161"}],"version-history":[{"count":29,"href":"https:\/\/www.merceriajuanita.es\/ca\/wp-json\/wp\/v2\/pages\/161\/revisions"}],"predecessor-version":[{"id":1181,"href":"https:\/\/www.merceriajuanita.es\/ca\/wp-json\/wp\/v2\/pages\/161\/revisions\/1181"}],"up":[{"embeddable":true,"href":"https:\/\/www.merceriajuanita.es\/ca\/wp-json\/wp\/v2\/pages\/89"}],"wp:attachment":[{"href":"https:\/\/www.merceriajuanita.es\/ca\/wp-json\/wp\/v2\/media?parent=161"}],"curies":[{"name":"wp","href":"https:\/\/api.w.org\/{rel}","templated":true}]}}