{"id":218,"date":"2019-07-20T22:30:49","date_gmt":"2019-07-20T20:30:49","guid":{"rendered":"http:\/\/www.merceriajuanita.es\/?page_id=218"},"modified":"2019-10-02T19:07:41","modified_gmt":"2019-10-02T17:07:41","slug":"roba-per-a-la-llar","status":"publish","type":"page","link":"https:\/\/www.merceriajuanita.es\/ca\/els-nostres-productes\/roba-per-a-la-llar\/","title":{"rendered":"Roba per a la llar"},"content":{"rendered":"<p>[vc_row top_and_bottom_padding=&#8221;0&#8243; left_and_right_padding=&#8221;&#8221; bg_type=&#8221;&#8221; id=&#8221;&#8221; class=&#8221;&#8221; style=&#8221;&#8221;][vc_column delay=&#8221;&#8221; delay_offset=&#8221;&#8221; bg_type=&#8221;&#8221; min_height=&#8221;&#8221; top_and_bottom_padding=&#8221;&#8221; left_and_right_padding=&#8221;&#8221; width=&#8221;1\/1&#8243;][container id=&#8221;&#8221; class=&#8221;&#8221; style=&#8221;&#8221;][column delay=&#8221;&#8221; delay_offset=&#8221;&#8221; sd=&#8221;12&#8243; id=&#8221;&#8221; class=&#8221;&#8221; style=&#8221;&#8221;][clear by=&#8221;50px&#8221; id=&#8221;&#8221; class=&#8221;&#8221;][text]\n<h1 class=\"fontSizeEstilTitol\">Roba per a la llar<\/h1>\n[\/text][\/column][\/container][\/vc_column][\/vc_row][vc_row top_and_bottom_padding=&#8221;0&#8243; left_and_right_padding=&#8221;&#8221; bg_type=&#8221;&#8221; id=&#8221;&#8221; class=&#8221;&#8221; style=&#8221;&#8221;][vc_column delay=&#8221;&#8221; delay_offset=&#8221;&#8221; bg_type=&#8221;&#8221; min_height=&#8221;&#8221; top_and_bottom_padding=&#8221;&#8221; left_and_right_padding=&#8221;&#8221; width=&#8221;1\/1&#8243;][accordion model=&#8221;default&#8221; type=&#8221;&#8221; id=&#8221;&#8221; class=&#8221;&#8221; style=&#8221;&#8221;][accordion_item parent_id=&#8221;&#8221; title=&#8221;Roba per a la llar&#8221; id=&#8221;&#8221; class=&#8221;&#8221; style=&#8221;&#8221;]<\/p>\n<div class=\"ok-row\">\n<div class=\"ok-xsd-12 ok-md-4\"><img decoding=\"async\" class=\"ampladaImg\" src=\"\/wp-content\/uploads\/2019\/09\/Roba_per_a_la_llar.jpg\" alt=\"Roba per a la llar\" \/><\/div>\n<div class=\"ok-xsd-12 ok-md-8\">\n<p class=\"fontSizeEstilParag\">Conjunts de llan\u00e7ols per a llit i bressol i fundes i protectors per matal\u00e0s en diverses mesures. Travessers impermeables professionals especials per a hospitals, resid\u00e8ncies i la llar, per a gent gran o amb problemes d\u2019incontin\u00e8ncia. Tovalloles en diverses mesures. Fundes de taula de planxar. Cortines confeccionades.<\/p>\n<\/div>\n<\/div>\n<p>[\/accordion_item][\/accordion][\/vc_column][\/vc_row][vc_row top_and_bottom_padding=&#8221;&#8221; left_and_right_padding=&#8221;&#8221; bg_type=&#8221;&#8221;][vc_column delay=&#8221;&#8221; delay_offset=&#8221;&#8221; bg_type=&#8221;&#8221; min_height=&#8221;&#8221; top_and_bottom_padding=&#8221;&#8221; left_and_right_padding=&#8221;&#8221; width=&#8221;1\/1&#8243;][clear by=&#8221;30px&#8221; id=&#8221;&#8221; class=&#8221;&#8221;][\/vc_column][\/vc_row]<\/p>\n","protected":false},"excerpt":{"rendered":"<p>[vc_row top_and_bottom_padding=&#8221;0&#8243; left_and_right_padding=&#8221;&#8221; bg_type=&#8221;&#8221; id=&#8221;&#8221; class=&#8221;&#8221; style=&#8221;&#8221;][vc_column delay=&#8221;&#8221; delay_offset=&#8221;&#8221; bg_type=&#8221;&#8221; min_height=&#8221;&#8221; top_and_bottom_padding=&#8221;&#8221; left_and_right_padding=&#8221;&#8221; width=&#8221;1\/1&#8243;][container id=&#8221;&#8221; class=&#8221;&#8221; style=&#8221;&#8221;][column delay=&#8221;&#8221; delay_offset=&#8221;&#8221; sd=&#8221;12&#8243; id=&#8221;&#8221; class=&#8221;&#8221; style=&#8221;&#8221;][clear by=&#8221;50px&#8221; id=&#8221;&#8221; class=&#8221;&#8221;][text] Roba per a la llar [\/text][\/column][\/container][\/vc_column][\/vc_row][vc_row top_and_bottom_padding=&#8221;0&#8243; left_and_right_padding=&#8221;&#8221; bg_type=&#8221;&#8221; id=&#8221;&#8221; class=&#8221;&#8221; style=&#8221;&#8221;][vc_column delay=&#8221;&#8221; delay_offset=&#8221;&#8221; bg_type=&#8221;&#8221; min_height=&#8221;&#8221; top_and_bottom_padding=&#8221;&#8221; left_and_right_padding=&#8221;&#8221; width=&#8221;1\/1&#8243;][accordion model=&#8221;default&#8221; type=&#8221;&#8221; id=&#8221;&#8221; class=&#8221;&#8221; style=&#8221;&#8221;][accordion_item parent_id=&#8221;&#8221; title=&#8221;Roba per a la [&hellip;]<\/p>\n","protected":false},"author":2,"featured_media":0,"parent":89,"menu_order":0,"comment_status":"closed","ping_status":"closed","template":"template-no-sidebar.php","meta":{"footnotes":""},"_links":{"self":[{"href":"https:\/\/www.merceriajuanita.es\/ca\/wp-json\/wp\/v2\/pages\/218"}],"collection":[{"href":"https:\/\/www.merceriajuanita.es\/ca\/wp-json\/wp\/v2\/pages"}],"about":[{"href":"https:\/\/www.merceriajuanita.es\/ca\/wp-json\/wp\/v2\/types\/page"}],"author":[{"embeddable":true,"href":"https:\/\/www.merceriajuanita.es\/ca\/wp-json\/wp\/v2\/users\/2"}],"replies":[{"embeddable":true,"href":"https:\/\/www.merceriajuanita.es\/ca\/wp-json\/wp\/v2\/comments?post=218"}],"version-history":[{"count":8,"href":"https:\/\/www.merceriajuanita.es\/ca\/wp-json\/wp\/v2\/pages\/218\/revisions"}],"predecessor-version":[{"id":925,"href":"https:\/\/www.merceriajuanita.es\/ca\/wp-json\/wp\/v2\/pages\/218\/revisions\/925"}],"up":[{"embeddable":true,"href":"https:\/\/www.merceriajuanita.es\/ca\/wp-json\/wp\/v2\/pages\/89"}],"wp:attachment":[{"href":"https:\/\/www.merceriajuanita.es\/ca\/wp-json\/wp\/v2\/media?parent=218"}],"curies":[{"name":"wp","href":"https:\/\/api.w.org\/{rel}","templated":true}]}}