{"id":38,"date":"2019-07-19T18:26:31","date_gmt":"2019-07-19T16:26:31","guid":{"rendered":"http:\/\/www.merceriajuanita.es\/?page_id=38"},"modified":"2024-07-04T11:33:32","modified_gmt":"2024-07-04T09:33:32","slug":"inici","status":"publish","type":"page","link":"https:\/\/www.merceriajuanita.es\/ca\/","title":{"rendered":"Inici"},"content":{"rendered":"<p>[vc_row top_and_bottom_padding=&#8221;&#8221; left_and_right_padding=&#8221;&#8221; bg_type=&#8221;&#8221;][vc_column width=&#8221;2\/3&#8243; delay=&#8221;&#8221; delay_offset=&#8221;&#8221; bg_type=&#8221;&#8221; min_height=&#8221;&#8221; top_and_bottom_padding=&#8221;&#8221; left_and_right_padding=&#8221;&#8221;][vc_column_text]<\/p>\n<p class=\"fontSizeEstilParagInicio\"><strong>Som la teva merceria de tota la vida,<\/strong> la mateixa de sempre i a preus populars. Si no troba alguna cosa nosaltres ho busquem i ho portem per a vost\u00e8 en el menor temps possible.<\/p>\n<p class=\"fontSizeEstilParagInicio\"><strong>Mercer\u00eda Juanita<\/strong> \u00e9s un comer\u00e7 emblem\u00e0tic a Rub\u00ed i a la comarca del Vall\u00e9s. Va obrir les seves portes, fa m\u00e9s de 50 anys, com un petit comer\u00e7 de retalls i altres productes de merceria. De mica en mica el negoci va anar creixent i va oferir a tots els seus clients tots els serveis que s\u2019han mantingut fins a la actualitat, sempre amb l\u2019esperit de servei cap el client que distingeix al comer\u00e7 de proximitat.<\/p>\n<p class=\"fontSizeEstilParagInicio\">Amb aquest desig renovat de servei cap al client, hem iniciat un proc\u00e9s d\u2019ampliaci\u00f3 dels serveis i productes que oferim a la nostra botiga mitjan\u00e7ant la incorporaci\u00f3 d\u2019algunes novetats molt interessants (confecci\u00f3 de cortines, arranjaments i neteja de cuir, servei de bugaderia), tot aix\u00f2 sense descuidar els serveis i productes que ja estava oferint fins ara (merceria, cotilleria, teixits, confecci\u00f3, robes de patchwork, roba de nad\u00f3 i primera posada, llar, etc&#8230;), oferint, com sempre, l\u2019atenci\u00f3 personalitzada que dona el petit comer\u00e7.<\/p>\n<p class=\"fontSizeEstilParagInicio\">La Juanita, \u00e9s un dels m\u00e9s coneguts, emblem\u00e0tics i estimats negocis a la nostra ciutat. Per aquest motiu, estem especialment orgullosos de seguir donant vida a una de les botigues m\u00e9s populars de casa nostra amb la satisfacci\u00f3 permanent de servei als nostres clients i de la feina ben feta.<\/p>\n<p>[\/vc_column_text][\/vc_column][vc_column width=&#8221;1\/3&#8243; delay=&#8221;&#8221; delay_offset=&#8221;&#8221; bg_type=&#8221;&#8221; min_height=&#8221;&#8221; top_and_bottom_padding=&#8221;&#8221; left_and_right_padding=&#8221;&#8221;][vc_column_text][text]<iframe loading=\"lazy\" style=\"border: 0;\" tabindex=\"0\" src=\"https:\/\/www.google.com\/maps\/embed?pb=!1m18!1m12!1m3!1d2988.700495029826!2d2.0334285154289526!3d41.48909247925492!2m3!1f0!2f0!3f0!3m2!1i1024!2i768!4f13.1!3m3!1m2!1s0x12a49171922e7a07%3A0xf9ddda0e76bf1a26!2sCarrer%20de%20Llu%C3%ADs%20Ribas%2C%2035%2C%2008191%20Rub%C3%AD%2C%20Barcelona!5e0!3m2!1ses!2ses!4v1602680604994!5m2!1ses!2ses\" width=\"100%\" height=\"400\" frameborder=\"0\" allowfullscreen=\"allowfullscreen\" aria-hidden=\"false\"><\/iframe>[\/text][\/vc_column_text][\/vc_column][\/vc_row]<\/p>\n","protected":false},"excerpt":{"rendered":"<p>[vc_row top_and_bottom_padding=&#8221;&#8221; left_and_right_padding=&#8221;&#8221; bg_type=&#8221;&#8221;][vc_column width=&#8221;2\/3&#8243; delay=&#8221;&#8221; delay_offset=&#8221;&#8221; bg_type=&#8221;&#8221; min_height=&#8221;&#8221; top_and_bottom_padding=&#8221;&#8221; left_and_right_padding=&#8221;&#8221;][vc_column_text] Som la teva merceria de tota la vida, la mateixa de sempre i a preus populars. Si no troba alguna cosa nosaltres ho busquem i ho portem per a vost\u00e8 en el menor temps possible. Mercer\u00eda Juanita \u00e9s un comer\u00e7 emblem\u00e0tic a Rub\u00ed i [&hellip;]<\/p>\n","protected":false},"author":2,"featured_media":0,"parent":0,"menu_order":0,"comment_status":"closed","ping_status":"closed","template":"template-no-sidebar.php","meta":{"footnotes":""},"_links":{"self":[{"href":"https:\/\/www.merceriajuanita.es\/ca\/wp-json\/wp\/v2\/pages\/38"}],"collection":[{"href":"https:\/\/www.merceriajuanita.es\/ca\/wp-json\/wp\/v2\/pages"}],"about":[{"href":"https:\/\/www.merceriajuanita.es\/ca\/wp-json\/wp\/v2\/types\/page"}],"author":[{"embeddable":true,"href":"https:\/\/www.merceriajuanita.es\/ca\/wp-json\/wp\/v2\/users\/2"}],"replies":[{"embeddable":true,"href":"https:\/\/www.merceriajuanita.es\/ca\/wp-json\/wp\/v2\/comments?post=38"}],"version-history":[{"count":9,"href":"https:\/\/www.merceriajuanita.es\/ca\/wp-json\/wp\/v2\/pages\/38\/revisions"}],"predecessor-version":[{"id":1244,"href":"https:\/\/www.merceriajuanita.es\/ca\/wp-json\/wp\/v2\/pages\/38\/revisions\/1244"}],"wp:attachment":[{"href":"https:\/\/www.merceriajuanita.es\/ca\/wp-json\/wp\/v2\/media?parent=38"}],"curies":[{"name":"wp","href":"https:\/\/api.w.org\/{rel}","templated":true}]}}